{"id":370,"date":"2023-02-09T22:49:23","date_gmt":"2023-02-09T22:49:23","guid":{"rendered":"https:\/\/rachunkowe-bp.pl\/?page_id=370"},"modified":"2023-09-25T07:49:58","modified_gmt":"2023-09-25T07:49:58","slug":"polityka-cookies","status":"publish","type":"page","link":"https:\/\/rachunkowe-bp.pl\/index.php\/polityka-cookies\/","title":{"rendered":"Polityka cookies"},"content":{"rendered":"\t\t<div data-elementor-type=\"wp-page\" data-elementor-id=\"370\" class=\"elementor elementor-370\">\n\t\t\t\t\t\t\t\t\t<section class=\"elementor-section elementor-top-section elementor-element elementor-element-8ef3899 elementor-section-boxed elementor-section-height-default elementor-section-height-default\" data-id=\"8ef3899\" data-element_type=\"section\">\n\t\t\t\t\t\t<div class=\"elementor-container elementor-column-gap-default\">\n\t\t\t\t\t<div class=\"elementor-column elementor-col-100 elementor-top-column elementor-element elementor-element-6b688d7\" data-id=\"6b688d7\" data-element_type=\"column\">\n\t\t\t<div class=\"elementor-widget-wrap elementor-element-populated\">\n\t\t\t\t\t\t\t\t<div class=\"elementor-element elementor-element-7fcaedf elementor-widget elementor-widget-text-editor\" data-id=\"7fcaedf\" data-element_type=\"widget\" data-widget_type=\"text-editor.default\">\n\t\t\t\t<div class=\"elementor-widget-container\">\n\t\t\t<style>\/*! elementor - v3.17.0 - 08-11-2023 *\/\n.elementor-widget-text-editor.elementor-drop-cap-view-stacked .elementor-drop-cap{background-color:#69727d;color:#fff}.elementor-widget-text-editor.elementor-drop-cap-view-framed .elementor-drop-cap{color:#69727d;border:3px solid;background-color:transparent}.elementor-widget-text-editor:not(.elementor-drop-cap-view-default) .elementor-drop-cap{margin-top:8px}.elementor-widget-text-editor:not(.elementor-drop-cap-view-default) .elementor-drop-cap-letter{width:1em;height:1em}.elementor-widget-text-editor .elementor-drop-cap{float:left;text-align:center;line-height:1;font-size:50px}.elementor-widget-text-editor .elementor-drop-cap-letter{display:inline-block}<\/style>\t\t\t\t<p align=\"CENTER\"><span style=\"font-family: Arial, sans-serif;\"><span style=\"font-size: small;\"><span style=\"font-size: large;\"><b>POLITYKA COOKIES SERWISU <\/b><\/span><\/span><\/span><\/p><p lang=\"en-US\" align=\"CENTER\"><span style=\"font-family: Arial, sans-serif;\"><span style=\"font-size: medium;\"><b>Obowi\u0105zuje od: 8 wrze\u015bnia 2023 r.<\/b><\/span><\/span><\/p><p lang=\"en-US\" align=\"CENTER\"><span style=\"font-family: Arial, sans-serif;\"><span style=\"font-size: medium;\"><b>www.rachunkowe-bp.pl<\/b><\/span><\/span><\/p><p lang=\"en-US\" align=\"CENTER\"><span style=\"font-family: Arial, sans-serif;\"><span style=\"font-size: medium;\"><b>\u00a71<\/b><\/span><\/span><\/p><p lang=\"en-US\" align=\"CENTER\"><span style=\"font-family: Arial, sans-serif;\"><span style=\"font-size: medium;\"><b>Postanowienia og\u00f3lne<\/b><\/span><\/span><\/p><ol><li><p align=\"JUSTIFY\"><span style=\"font-family: Arial, sans-serif;\"><span style=\"font-size: medium;\">Administratorem danych osobowych podawanych w trakcie korzystania z Serwisu prowadzonego pod adresem<b> www.rachunkowe-bp.pl <\/b>oraz w zwi\u0105zku ze \u015bwiadczeniem us\u0142ug jest <b>Barbara Podraza, prowadz\u0105ca dzia\u0142alno\u015b\u0107 gospodarcz\u0105 pod nazw\u0105 BIURO RACHUNKOWE Barbara Podraza, ul. Starod\u0105browska 39, 33-100 Tarn<\/b><span lang=\"es-ES\"><b>\u00f3<\/b><\/span><b>w, NIP:\u00a08722203403.<\/b><\/span><\/span><\/p><\/li><li><p align=\"JUSTIFY\"><span style=\"font-size: medium;\"><span style=\"font-family: Arial, sans-serif;\"><b>Zasady przetwarzania danych osobowych zosta<\/b><\/span><span style=\"font-family: Arial, sans-serif;\"><span lang=\"en-US\"><b>\u0142<\/b><\/span><\/span><span style=\"font-family: Arial, sans-serif;\"><b>y udost<\/b><\/span><span style=\"font-family: Arial, sans-serif;\"><span lang=\"en-US\"><b>\u0119<\/b><\/span><\/span><span style=\"font-family: Arial, sans-serif;\"><b>pnione w Polityce Prywatno\u015bci RODO, dost<\/b><\/span><span style=\"font-family: Arial, sans-serif;\"><span lang=\"en-US\"><b>\u0119<\/b><\/span><\/span><span style=\"font-family: Arial, sans-serif;\"><b>pnej pod adresem:<\/b><\/span><span lang=\"zxx\"><u><a href=\"http:\/\/www.rachunkowe-bp.pl\/polityka-prywatnosci\"><span style=\"font-family: Arial, sans-serif;\">www.rachunkowe-bp.pl\/polityka-prywatnosci<\/span><\/a><\/u><\/span><\/span><\/p><\/li><li><p align=\"JUSTIFY\"><span style=\"font-family: Arial, sans-serif;\"><span style=\"font-size: small;\"><span style=\"font-size: medium;\">Serwis u\u017cywa plik<\/span><span style=\"font-size: medium;\"><span lang=\"es-ES\">\u00f3<\/span><\/span><span style=\"font-size: medium;\">w cookies, aby dostarcza\u0107 us\u0142ugi i funkcje dostosowane do preferencji i potrzeb U\u017cytkownik<\/span><span style=\"font-size: medium;\"><span lang=\"es-ES\">\u00f3<\/span><\/span><span style=\"font-size: medium;\">w Serwisu, w szczeg<\/span><span style=\"font-size: medium;\"><span lang=\"es-ES\">\u00f3<\/span><\/span><span style=\"font-size: medium;\">lno\u015bci pliki cookies pozwalaj\u0105 rozpozna\u0107 urz\u0105dzenie U\u017cytkownika i odpowiednio wy\u015bwietli\u0107 stron\u0119 internetow\u0105, dostosowan\u0105 do jego indywidualnych potrzeb.<\/span><\/span><\/span><\/p><\/li><li><p align=\"JUSTIFY\"><span style=\"font-family: Arial, sans-serif;\"><span style=\"font-size: small;\"><span style=\"font-size: medium;\"><span lang=\"en-US\">Pliki cookies mog<\/span><\/span><span style=\"font-size: medium;\">\u0105 <\/span><span style=\"font-size: medium;\"><span lang=\"es-ES\">mie<\/span><\/span><span style=\"font-size: medium;\">\u0107 charakter tymczasowy, tj. s\u0105 usuwane z chwil\u0105 zamkni\u0119cia przegl\u0105darki lub trwa\u0142y. <\/span><\/span><\/span><\/p><\/li><li><p align=\"JUSTIFY\"><span style=\"font-family: Arial, sans-serif;\"><span style=\"font-size: small;\"><span style=\"font-size: medium;\">Sta\u0142<\/span><span style=\"font-size: medium;\"><span lang=\"en-US\">e pliki cookies s<\/span><\/span><span style=\"font-size: medium;\">\u0105 przechowywane tak\u017ce po zako\u0144czeniu korzystania ze stron Serwisu i s\u0142u\u017c\u0105 do przechowywania informacji takich jak has\u0142o czy login, co przyspiesza i u\u0142atwia korzystanie ze stron, a tak\u017ce umo\u017cliwia zapami\u0119tanie wybranych przez U\u017cytkownika ustawie\u0144.<\/span><\/span><\/span><\/p><\/li><\/ol><p lang=\"en-US\" align=\"CENTER\"><span style=\"font-family: Arial, sans-serif;\"><span style=\"font-size: medium;\"><b>\u00a72<\/b><\/span><\/span><\/p><p lang=\"en-US\" align=\"CENTER\"><span style=\"font-family: Arial, sans-serif;\"><span style=\"font-size: medium;\"><b>Stosowane definicje<\/b><\/span><\/span><\/p><ol><li><p align=\"JUSTIFY\"><span style=\"font-family: Arial, sans-serif;\"><span style=\"font-size: small;\"><span style=\"font-size: medium;\"><span lang=\"en-US\"><b>Cookies<\/b><\/span><\/span><span style=\"font-size: medium;\"><span lang=\"en-US\"> &#8211; ma<\/span><\/span><span style=\"font-size: medium;\">\u0142e pliki, kt<\/span><span style=\"font-size: medium;\"><span lang=\"es-ES\">\u00f3<\/span><\/span><span style=\"font-size: medium;\">re s\u0105 pobierane i przechowywane na komputerze lub innym urz\u0105dzeniu U\u017cytkownika, powi\u0105zanym z informacjami o sposobie u\u017cytkowania strony.<\/span><\/span><\/span><\/p><\/li><\/ol><ol start=\"6\"><li><p align=\"JUSTIFY\"><span style=\"font-family: Arial, sans-serif;\"><span style=\"font-size: small;\"><span style=\"font-size: medium;\"><b>U\u017cytkownik<\/b><\/span><span style=\"font-size: medium;\"> &#8211; osoba, kt<\/span><span style=\"font-size: medium;\"><span lang=\"es-ES\">\u00f3<\/span><\/span><span style=\"font-size: medium;\">ra dobrowolnie korzysta z us\u0142<\/span><span style=\"font-size: medium;\"><span lang=\"en-US\">ug <\/span><\/span><span style=\"font-size: medium;\"><span lang=\"it-IT\">i tre<\/span><\/span><span style=\"font-size: medium;\">\u015bci dost\u0119pnych w Serwisie, tj. przegl\u0105da strony Serwisu, kontaktuje si\u0119 z w\u0142a\u015bcicielem Serwisu poprzez formularz kontaktowy lub dane teleadresowe dost\u0119pne na stronie internetowej, zapisuje si\u0119 na newsletter, etc.4<\/span><\/span><\/span><\/p><\/li><li><p align=\"JUSTIFY\"><span style=\"font-family: Arial, sans-serif;\"><span style=\"font-size: small;\"><span style=\"font-size: medium;\"><b>Serwis<\/b><\/span><span style=\"font-size: medium;\"> &#8211; serwis dost\u0119pny pod adresem <\/span><span style=\"font-size: medium;\"><b>www.rachunkowe-bp.pl,<\/b><\/span><span style=\"font-size: medium;\">\u00a0za pomoc\u0105 kt<\/span><span style=\"font-size: medium;\"><span lang=\"es-ES\">\u00f3<\/span><\/span><span style=\"font-size: medium;\">rego U\u017cytkownik mo\u017ce przegl\u0105da\u0107 zawarto\u015b\u0107 Serwisu, doda\u0107 komentarze blogowe lub skontaktowa\u0107 si\u0119 z Administratorem danych osobowych za pomoc\u0105 danych teleadresowych, dost\u0119pnych na stronie.<\/span><\/span><\/span><\/p><\/li><li><p align=\"JUSTIFY\"><span style=\"font-family: Arial, sans-serif;\"><span style=\"font-size: small;\"><span style=\"font-size: medium;\"><b>Dane osobowe<\/b><\/span><span style=\"font-size: medium;\"> &#8211; wszelkie informacje, kt<\/span><span style=\"font-size: medium;\"><span lang=\"es-ES\">\u00f3<\/span><\/span><span style=\"font-size: medium;\">re bez nadmiernego czasu i kosztu mog\u0105 doprowadzi\u0107 do identyfikacji osoby fizycznej, w tym jej dane identyfikacyjne, adresowe i kontaktowe.<\/span><\/span><\/span><\/p><\/li><\/ol><p lang=\"en-US\" align=\"CENTER\"><span style=\"font-family: Arial, sans-serif;\"><span style=\"font-size: medium;\"><b>\u00a73<\/b><\/span><\/span><\/p><p lang=\"en-US\" align=\"CENTER\"><span style=\"font-family: Arial, sans-serif;\"><span style=\"font-size: medium;\"><b>Cele cookies<\/b><\/span><\/span><\/p><ol><li><p align=\"JUSTIFY\"><span style=\"font-family: Arial, sans-serif;\"><span style=\"font-size: small;\"><span style=\"font-size: medium;\">Serwis wykorzystuje pliki cookies w nast\u0119puj\u0105cych celach:<\/span><\/span><\/span><\/p><\/li><\/ol><ol type=\"A\"><li style=\"list-style-type: none;\"><ol type=\"a\"><li><p align=\"JUSTIFY\"><span style=\"font-family: Arial, sans-serif;\"><span style=\"font-size: small;\"><span style=\"font-size: medium;\">dostosowania zawarto\u015b<\/span><span style=\"font-size: medium;\"><span lang=\"it-IT\">ci stron <\/span><\/span><span style=\"font-size: medium;\">Serwisu do indywidualnych preferencji U\u017cytkownika oraz optymalizacji korzystania ze stron internetowych (wy\u015bwietlanie dostosowane do potrzeb),<\/span><\/span><\/span><\/p><\/li><li><p align=\"JUSTIFY\"><span style=\"font-family: Arial, sans-serif;\"><span style=\"font-size: small;\"><span style=\"font-size: medium;\">dokonania analiz i statystyk, kt<\/span><span style=\"font-size: medium;\"><span lang=\"es-ES\">\u00f3<\/span><\/span><span style=\"font-size: medium;\">re dostarcz\u0105 informacji, w jaki spos<\/span><span style=\"font-size: medium;\"><span lang=\"es-ES\">\u00f3<\/span><\/span><span style=\"font-size: medium;\">b U\u017cytkownik Serwisu korzysta ze stron, co umo\u017cliwia ulepszanie ich struktury i zawarto\u015b<\/span><span style=\"font-size: medium;\"><span lang=\"it-IT\">ci,<\/span><\/span><\/span><\/span><\/p><\/li><\/ol><\/li><\/ol><ol type=\"A\"><li style=\"list-style-type: none;\"><ol type=\"a\"><li><p align=\"JUSTIFY\"><span style=\"font-family: Arial, sans-serif;\"><span style=\"font-size: small;\"><span style=\"font-size: medium;\"><span lang=\"it-IT\">marketingu i remarketingu, kt\u00f3re dostarczaj\u0105 informacji o U\u017cytkownikach (konwersje, odwiedzone strony, czas sp\u0119dzony na stronie) oraz ulepszaj\u0105 reklamy kierowane do U\u017cytkownika.<\/span><\/span><\/span><\/span><\/p><\/li><\/ol><\/li><\/ol><ol><li><p align=\"JUSTIFY\"><span style=\"font-family: Arial, sans-serif;\"><span style=\"font-size: small;\"><span style=\"font-size: medium;\">W celu analizy ruchu na stronie Serwisu, \u017ar<\/span><span style=\"font-size: medium;\"><span lang=\"es-ES\">\u00f3<\/span><\/span><span style=\"font-size: medium;\">d\u0142a ruchu, jak i optymalizacji dzia\u0142a\u0144 marketingowych zainstalowano na stronie:<\/span><\/span><\/span><\/p><\/li><\/ol><ol type=\"A\"><li style=\"list-style-type: none;\"><ol type=\"a\"><li style=\"list-style-type: none;\"><ol type=\"a\"><li><p lang=\"en-US\" align=\"JUSTIFY\"><span style=\"font-size: medium;\"><span style=\"font-family: Arial, sans-serif;\">Google Analytics &#8211; narz\u0119dzie dostarczane przez Google LLC. 1600 Amphitheatre Parkway Mountain View, CA 94043, USA, co pozwala na analiz\u0119 ruchu U\u017cytkownika na stronie Serwisu i jego podstronach (kraj\/miasto, liczba odwiedzin, przegl\u0105dane strony, czas odwiedzin, etc.). Ustawienia prywatno\u015bci mog\u0105 zosta\u0107 zmienione przez U\u017cytkownika, wi\u0119cej informacji na <\/span><span lang=\"zxx\"><u><a href=\"https:\/\/policies.google.com\/privacy\"><span style=\"font-family: Arial, sans-serif;\">https:\/\/policies.google.com\/privacy<\/span><\/a><\/u><\/span><\/span><\/p><\/li><li><p lang=\"en-US\" align=\"JUSTIFY\"><span style=\"font-size: medium;\"><span style=\"font-family: Arial, sans-serif;\">Piksel Facebooka &#8211; narz\u0119dzie dostarczane przez Facebook Inc., z siedzib\u0105 przy 1 Hacker Way, Menlo Park, CA 94025, USA,\u00a0kt\u00f3re umo\u017cliwia pomiar, optymalizacj\u0119 i tworzenie grup odbiorc\u00f3w kampanii reklamowych, pozwala na zbieranie informacji na temat korzystania przez U\u017cytkownika ze strony Serwisu i kierowanie do niego dedykowanych reklam w serwisie spo\u0142eczno\u015bciowym Facebook i\/lub Instagram. W celu kontroli ustawie\u0144 prywatno\u015bci w tym serwisie spo\u0142eczno\u015bciowym U\u017cytkownik mo\u017ce dokona\u0107 w dowolnym momencie zmiany swoich preferencji i ustawie\u0144. Wi\u0119cej informacji na <\/span><span lang=\"zxx\"><u><a href=\"https:\/\/www.facebook.com\/privacy\/\"><span style=\"font-family: Arial, sans-serif;\">https:\/\/www.facebook.com\/privacy\/<\/span><\/a><\/u><\/span><\/span><\/p><\/li><\/ol><\/li><\/ol><\/li><\/ol><ol><li><p align=\"JUSTIFY\"><span style=\"font-family: Arial, sans-serif;\"><span style=\"font-size: small;\"><span style=\"font-size: medium;\">Dane zawarte w cookies nie s\u0105 \u0142\u0105czone z przekazanymi przez U\u017cytkownika danymi osobowymi.<\/span><\/span><\/span><\/p><\/li><\/ol><ol start=\"9\"><li><p align=\"JUSTIFY\"><span style=\"font-family: Arial, sans-serif;\"><span style=\"font-size: small;\"><span style=\"font-size: medium;\">Przetwarzanie danych zawartych w cookies przez dostawc<\/span><span style=\"font-size: medium;\"><span lang=\"es-ES\">\u00f3<\/span><\/span><span style=\"font-size: medium;\">w, kt<\/span><span style=\"font-size: medium;\"><span lang=\"es-ES\">\u00f3<\/span><\/span><span style=\"font-size: medium;\">rych siedziby i\/lub serwery s\u0105 zlokalizowane w pa\u0144stwie trzecim, tj. na terenie Stan<\/span><span style=\"font-size: medium;\"><span lang=\"es-ES\">\u00f3<\/span><\/span><span style=\"font-size: medium;\">w Zjednoczonych Ameryki (USA) &#8211; Meta Platforms, Inc., Menlo Park, California, USA &#8211; b\u0119dzie si\u0119 wi\u0105za\u0107 z przekazaniem danych zawartych w cookies poza Europejski Obszar Gospodarczy (EOG). Przekazanie danych odbywa si\u0119 na podstawie decyzji Komisji Europejskiej z 10 lipca 2023 r. stwierdzaj\u0105cej odpowiedni stopie\u0144 ochrony danych osobowych zapewniony przez tzw. &#8222;Ramy ochrony danych UE-USA\u201d (EU-US Data Privacy Framework) w stosunku do dostawc<\/span><span style=\"font-size: medium;\"><span lang=\"es-ES\">\u00f3<\/span><\/span><span style=\"font-size: medium;\">w wpisanych na list\u0119 departamentu handlu USA, jak: Meta Platforms, Inc., Menlo Park, California, USA;\u00a0<\/span><span style=\"font-size: medium;\"><span lang=\"en-US\">Google LLC. 1600 Amphitheatre Parkway Mountain View, CA 94043, USA.<\/span><\/span><\/span><\/span><\/p><\/li><\/ol><p lang=\"en-US\" align=\"CENTER\"><span style=\"font-family: Arial, sans-serif;\"><span style=\"font-size: medium;\"><b>\u00a74<\/b><\/span><\/span><\/p><p lang=\"en-US\" align=\"CENTER\"><span style=\"font-family: Arial, sans-serif;\"><span style=\"font-size: medium;\"><b>Akceptacja lub zmiana ustawie\u0144 cookies<\/b><\/span><\/span><\/p><ol><li><p align=\"JUSTIFY\"><span style=\"font-family: Arial, sans-serif;\"><span style=\"font-size: small;\"><span style=\"font-size: medium;\">U\u017cytkownik mo\u017ce zaakceptowa\u0107 stosowanie cookies w powy\u017cszych celach lub w ka\u017cdej chwili skasowa\u0107 i\/lub wy\u0142\u0105czy\u0107 cookies w przegl\u0105darce internetowej, z kt<\/span><span style=\"font-size: medium;\"><span lang=\"es-ES\">\u00f3<\/span><\/span><span style=\"font-size: medium;\">rej korzysta podczas przegl\u0105dania Serwisu, lub wybra\u0107 tylko takie ustawienia cookies, na kt<\/span><span style=\"font-size: medium;\"><span lang=\"es-ES\">\u00f3<\/span><\/span><span style=\"font-size: medium;\">re wyra\u017ca zgod\u0119.<\/span><\/span><\/span><\/p><\/li><li><p align=\"JUSTIFY\"><span style=\"font-family: Arial, sans-serif;\"><span style=\"font-size: small;\"><span style=\"font-size: medium;\">Skasowanie lub wy\u0142\u0105czenie plik<\/span><span style=\"font-size: medium;\"><span lang=\"es-ES\">\u00f3<\/span><\/span><span style=\"font-size: medium;\"><span lang=\"en-US\">w cookies mo<\/span><\/span><span style=\"font-size: medium;\">\u017ce spowodowa\u0107 trudno\u015bci lub ograniczon\u0105 funkcjonalno\u015b\u0107 niekt<\/span><span style=\"font-size: medium;\"><span lang=\"es-ES\">\u00f3<\/span><\/span><span style=\"font-size: medium;\">rych cz\u0119\u015bci strony (dotyczy cookies funkcjonalnych). Niekt<\/span><span style=\"font-size: medium;\"><span lang=\"es-ES\">\u00f3<\/span><\/span><span style=\"font-size: medium;\"><span lang=\"en-US\">re pliki cookies mog<\/span><\/span><span style=\"font-size: medium;\">\u0105 by\u0107 bowiem niezb\u0119dne do prawid\u0142owego dzia\u0142ania stron Serwisu i wy\u015bwietlenia tre\u015bci na danym rodzaju urz\u0105dzenia.<\/span><\/span><\/span><\/p><\/li><li><p align=\"JUSTIFY\"><span style=\"font-family: Arial, sans-serif;\"><span style=\"font-size: small;\"><span style=\"font-size: medium;\">W celu zarz\u0105dzania cookies U\u017cytkownik mo\u017ce skorzysta\u0107 tak\u017ce z funkcji dost\u0119pnych w przegl\u0105darce, z kt\u00f3rej aktualnie korzysta. Instrukcje zarz\u0105dzania cookies dost\u0119pne s\u0105 na stronach dostawc\u00f3w przegl\u0105darek internetowych, w szczeg\u00f3lno\u015bci:<\/span><\/span><\/span><\/p><\/li><\/ol><ol type=\"A\"><li style=\"list-style-type: none;\"><ol type=\"a\"><li style=\"list-style-type: none;\"><ol type=\"a\"><li><p lang=\"en-US\" align=\"JUSTIFY\"><span style=\"font-size: medium;\"><span lang=\"zxx\"><u><a href=\"https:\/\/support.google.com\/accounts\/answer\/61416?co=GENIE.Platform=Desktop&amp;hl=en\"><span style=\"font-family: Arial, sans-serif;\">Google Chrome &#8211; instrukcja<\/span><\/a><\/u><\/span><\/span><\/p><\/li><\/ol><\/li><\/ol><\/li><\/ol><ol type=\"A\"><li style=\"list-style-type: none;\"><ol type=\"a\"><li style=\"list-style-type: none;\"><ol type=\"a\"><li><p lang=\"en-US\" align=\"JUSTIFY\"><span style=\"font-size: medium;\"><span lang=\"zxx\"><u><a href=\"https:\/\/support.mozilla.org\/en-US\/kb\/enhanced-tracking-protection-firefox-desktop?redirectslug=enable-and-disable-cookies-website-preferences&amp;redirectlocale=en-US\"><span style=\"font-family: Arial, sans-serif;\">Mozilla Firefox &#8211; instrukcja<\/span><\/a><\/u><\/span><\/span><\/p><\/li><li><p lang=\"en-US\" align=\"JUSTIFY\"><span style=\"font-size: medium;\"><span lang=\"zxx\"><u><a href=\"https:\/\/support.apple.com\/en-gb\/guide\/safari\/sfri11471\/mac\"><span style=\"font-family: Arial, sans-serif;\">Apple Safari &#8211; instrukcja<\/span><\/a><\/u><\/span><\/span><\/p><\/li><li><p lang=\"en-US\" align=\"JUSTIFY\"><span style=\"font-size: medium;\"><span lang=\"zxx\"><u><a href=\"https:\/\/support.microsoft.com\/en-gb\/windows\/delete-and-manage-cookies-168dab11-0753-043d-7c16-ede5947fc64d\"><span style=\"font-family: Arial, sans-serif;\">Microsoft Internet Explorer &#8211; instrukcja<\/span><\/a><\/u><\/span><\/span><\/p><\/li><\/ol><\/li><\/ol><\/li><\/ol><ol start=\"4\"><li><p align=\"JUSTIFY\"><span style=\"font-family: Helvetica Neue, serif;\"><span style=\"font-size: small;\"><span style=\"font-family: Arial, sans-serif;\"><span style=\"font-size: medium;\">W celu sta\u0142ego zablokowania cookies gromadzonych przez Google Analytics, U\u017cytkownik mo\u017ce skorzysta\u0107 z dodatku do przegl\u0105darki opracowanego i dostarczanego przez Google LLC na stronie: <\/span><\/span><span lang=\"zxx\"><u><a href=\"https:\/\/tools.google.com\/dlpage\/gaoptout\"><span style=\"font-family: Arial, sans-serif;\"><span style=\"font-size: medium;\"><span lang=\"en-US\">https:\/\/tools.google.com\/dlpage\/gaoptout<\/span><\/span><\/span><\/a><\/u><\/span><\/span><\/span><\/p><\/li><\/ol><p lang=\"en-US\" align=\"CENTER\"><span style=\"font-family: Arial, sans-serif;\"><span style=\"font-size: medium;\"><b>\u00a75<\/b><\/span><\/span><\/p><p lang=\"en-US\" align=\"CENTER\"><span style=\"font-family: Arial, sans-serif;\"><span style=\"font-size: medium;\"><b>Postanowienia ko\u0144cowe<\/b><\/span><\/span><\/p><ol><li><p align=\"JUSTIFY\"><span style=\"font-family: Arial, sans-serif;\"><span style=\"font-size: small;\"><span style=\"font-size: medium;\">W przypadku zmiany obowi\u0105zuj\u0105cej Polityki cookies, w szczeg<\/span><span style=\"font-size: medium;\"><span lang=\"es-ES\">\u00f3<\/span><\/span><span style=\"font-size: medium;\">lno\u015bci w sytuacji, gdy b\u0119d\u0105 tego wymaga\u0142y zastosowane rozwi\u0105zania techniczne lub zmiany przepis<\/span><span style=\"font-size: medium;\"><span lang=\"es-ES\">\u00f3<\/span><\/span><span style=\"font-size: medium;\">w prawa w zakresie prywatno\u015b<\/span><span style=\"font-size: medium;\"><span lang=\"it-IT\">ci <\/span><\/span><span style=\"font-size: medium;\">U\u017cytkownik<\/span><span style=\"font-size: medium;\"><span lang=\"es-ES\">\u00f3<\/span><\/span><span style=\"font-size: medium;\">w, wprowadzone zostan\u0105 odpowiednie modyfikacje do powy\u017cszego zapisu, kt<\/span><span style=\"font-size: medium;\"><span lang=\"es-ES\">\u00f3<\/span><\/span><span style=\"font-size: medium;\">re b\u0119d\u0105 obowi\u0105zywa\u0107 po 14 dniach od dnia ich publikacji na stronach Serwisu.<\/span><\/span><\/span><\/p><\/li><\/ol>\t\t\t\t\t\t<\/div>\n\t\t\t\t<\/div>\n\t\t\t\t\t<\/div>\n\t\t<\/div>\n\t\t\t\t\t\t\t<\/div>\n\t\t<\/section>\n\t\t\t\t\t\t\t<\/div>\n\t\t","protected":false},"excerpt":{"rendered":"<p>POLITYKA COOKIES SERWISU Obowi\u0105zuje od: 8 wrze\u015bnia 2023 r. www.rachunkowe-bp.pl \u00a71 Postanowienia og\u00f3lne Administratorem danych osobowych podawanych w trakcie korzystania z Serwisu prowadzonego pod adresem www.rachunkowe-bp.pl oraz w zwi\u0105zku ze \u015bwiadczeniem us\u0142ug jest Barbara Podraza, prowadz\u0105ca dzia\u0142alno\u015b\u0107 gospodarcz\u0105 pod nazw\u0105 BIURO RACHUNKOWE Barbara Podraza, ul. Starod\u0105browska 39, 33-100 Tarn\u00f3w, NIP:\u00a08722203403. Zasady przetwarzania danych osobowych zosta\u0142y&hellip;<\/p>\n","protected":false},"author":1,"featured_media":0,"parent":0,"menu_order":0,"comment_status":"closed","ping_status":"closed","template":"","meta":{"footnotes":""},"_links":{"self":[{"href":"https:\/\/rachunkowe-bp.pl\/index.php\/wp-json\/wp\/v2\/pages\/370"}],"collection":[{"href":"https:\/\/rachunkowe-bp.pl\/index.php\/wp-json\/wp\/v2\/pages"}],"about":[{"href":"https:\/\/rachunkowe-bp.pl\/index.php\/wp-json\/wp\/v2\/types\/page"}],"author":[{"embeddable":true,"href":"https:\/\/rachunkowe-bp.pl\/index.php\/wp-json\/wp\/v2\/users\/1"}],"replies":[{"embeddable":true,"href":"https:\/\/rachunkowe-bp.pl\/index.php\/wp-json\/wp\/v2\/comments?post=370"}],"version-history":[{"count":8,"href":"https:\/\/rachunkowe-bp.pl\/index.php\/wp-json\/wp\/v2\/pages\/370\/revisions"}],"predecessor-version":[{"id":575,"href":"https:\/\/rachunkowe-bp.pl\/index.php\/wp-json\/wp\/v2\/pages\/370\/revisions\/575"}],"wp:attachment":[{"href":"https:\/\/rachunkowe-bp.pl\/index.php\/wp-json\/wp\/v2\/media?parent=370"}],"curies":[{"name":"wp","href":"https:\/\/api.w.org\/{rel}","templated":true}]}}