{"id":376,"date":"2023-02-09T22:52:35","date_gmt":"2023-02-09T22:52:35","guid":{"rendered":"https:\/\/rachunkowe-bp.pl\/?page_id=376"},"modified":"2023-09-24T19:01:30","modified_gmt":"2023-09-24T19:01:30","slug":"o-nas","status":"publish","type":"page","link":"https:\/\/rachunkowe-bp.pl\/index.php\/o-nas\/","title":{"rendered":"O nas"},"content":{"rendered":"\t\t<div data-elementor-type=\"wp-page\" data-elementor-id=\"376\" class=\"elementor elementor-376\">\n\t\t\t\t\t\t\t\t\t<section class=\"elementor-section elementor-top-section elementor-element elementor-element-55e4db7 elementor-section-boxed elementor-section-height-default elementor-section-height-default\" data-id=\"55e4db7\" data-element_type=\"section\">\n\t\t\t\t\t\t<div class=\"elementor-container elementor-column-gap-default\">\n\t\t\t\t\t<div class=\"elementor-column elementor-col-100 elementor-top-column elementor-element elementor-element-cf5e100\" data-id=\"cf5e100\" data-element_type=\"column\">\n\t\t\t<div class=\"elementor-widget-wrap elementor-element-populated\">\n\t\t\t\t\t\t\t\t<div class=\"elementor-element elementor-element-6e5ee41 elementor-widget elementor-widget-heading\" data-id=\"6e5ee41\" data-element_type=\"widget\" data-widget_type=\"heading.default\">\n\t\t\t\t<div class=\"elementor-widget-container\">\n\t\t\t<style>\/*! elementor - v3.17.0 - 08-11-2023 *\/\n.elementor-heading-title{padding:0;margin:0;line-height:1}.elementor-widget-heading .elementor-heading-title[class*=elementor-size-]>a{color:inherit;font-size:inherit;line-height:inherit}.elementor-widget-heading .elementor-heading-title.elementor-size-small{font-size:15px}.elementor-widget-heading .elementor-heading-title.elementor-size-medium{font-size:19px}.elementor-widget-heading .elementor-heading-title.elementor-size-large{font-size:29px}.elementor-widget-heading .elementor-heading-title.elementor-size-xl{font-size:39px}.elementor-widget-heading .elementor-heading-title.elementor-size-xxl{font-size:59px}<\/style><h2 class=\"elementor-heading-title elementor-size-default\">BIURO RACHUNKOWE BARBARA PODRAZA TARN\u00d3W<\/h2>\t\t<\/div>\n\t\t\t\t<\/div>\n\t\t\t\t\t<\/div>\n\t\t<\/div>\n\t\t\t\t\t\t\t<\/div>\n\t\t<\/section>\n\t\t\t\t<section class=\"elementor-section elementor-top-section elementor-element elementor-element-2ce55b4 elementor-section-boxed elementor-section-height-default elementor-section-height-default\" data-id=\"2ce55b4\" data-element_type=\"section\">\n\t\t\t\t\t\t<div class=\"elementor-container elementor-column-gap-default\">\n\t\t\t\t\t<div class=\"elementor-column elementor-col-100 elementor-top-column elementor-element elementor-element-78c57a4\" data-id=\"78c57a4\" data-element_type=\"column\">\n\t\t\t<div class=\"elementor-widget-wrap elementor-element-populated\">\n\t\t\t\t\t\t\t\t<div class=\"elementor-element elementor-element-e1cd35d elementor-widget__width-initial elementor-widget elementor-widget-text-editor\" data-id=\"e1cd35d\" data-element_type=\"widget\" data-widget_type=\"text-editor.default\">\n\t\t\t\t<div class=\"elementor-widget-container\">\n\t\t\t<style>\/*! elementor - v3.17.0 - 08-11-2023 *\/\n.elementor-widget-text-editor.elementor-drop-cap-view-stacked .elementor-drop-cap{background-color:#69727d;color:#fff}.elementor-widget-text-editor.elementor-drop-cap-view-framed .elementor-drop-cap{color:#69727d;border:3px solid;background-color:transparent}.elementor-widget-text-editor:not(.elementor-drop-cap-view-default) .elementor-drop-cap{margin-top:8px}.elementor-widget-text-editor:not(.elementor-drop-cap-view-default) .elementor-drop-cap-letter{width:1em;height:1em}.elementor-widget-text-editor .elementor-drop-cap{float:left;text-align:center;line-height:1;font-size:50px}.elementor-widget-text-editor .elementor-drop-cap-letter{display:inline-block}<\/style>\t\t\t\t<p>Witamy Pa\u0144stwa serdecznie na stronie internetowej naszego Biura Rachunkowego.<\/p><p>Specjalizujemy si\u0119 w \u015bwiadczeniu kompleksowych us\u0142ug ksi\u0119gowych i kadrowo-p\u0142acowych dla przedsi\u0119biorstw korzystaj\u0105cych z uproszczonych form ksi\u0119gowo\u015bci oraz dla os\u00f3b prywatnych.<\/p><p>Nasze Biuro powsta\u0142o z pasji do zawodu ksi\u0119gowego, kt\u00f3ry w\u0142a\u015bcicielka Biura wykonuje z pe\u0142nym oddaniem i zaanga\u017cowaniem od 2008r. Wykszta\u0142cenie zdobyte na renomowanej uczelni wy\u017cszej, liczne kursy dokszta\u0142caj\u0105ce oraz kilkunastoletnie do\u015bwiadczenie zawodowe, a tak\u017ce umiej\u0119tno\u015b\u0107 nawi\u0105zywania kontakt\u00f3w z Klientem, zapewni\u0105 Pa\u0144stwu wysoki standard \u015bwiadczonych przez nas us\u0142ug.<\/p><p>Nie unikamy wyzwa\u0144. Traktujemy je jako okazj\u0119 do zdobycia nowych i cennych do\u015bwiadcze\u0144. Nieustannie podnosimy swoje kwalifikacje zawodowe, by sprosta\u0107 Pa\u0144stwa potrzebom i oczekiwaniom, oraz by by\u0107 na bie\u017c\u0105co ze zmieniaj\u0105cymi si\u0119 przepisami. Wszystko po to, aby by\u0107 dla Pa\u0144stwa rzetelnym wsparciem w zawi\u0142ym \u015bwiecie ksi\u0119gowo\u015bci.<\/p><p>Indywidualne podej\u015bcie do ka\u017cdego Klienta, zrozumienie jego oczekiwa\u0144 i potrzeb oraz wyj\u015bcie im naprzeciw, to kluczowe zasady, kt\u00f3rymi kierujemy si\u0119 \u015bwiadcz\u0105c nasze us\u0142ugi. Zapewniamy mi\u0142\u0105 i przyjazn\u0105 atmosfer\u0119 oraz rzetelno\u015b\u0107 i terminowo\u015b\u0107 \u015bwiadczonych us\u0142ug.<\/p><p>Gwarantujemy Pa\u0144stwu pe\u0142n\u0105 dyskrecj\u0119 oraz bezpiecze\u0144stwo powierzonych nam danych i dokument\u00f3w ksi\u0119gowych. Nasze Biuro posiada ochron\u0119 ubezpieczeniow\u0105 w PZU SA.<\/p><p>Biuro obs\u0142uguje g\u0142\u00f3wnie Przedsi\u0119biorc\u00f3w i osoby prywatne z Tarnowa i okolicznych miejscowo\u015bci oraz z powiatu d\u0119bickiego. Ch\u0119tnie nawi\u0105\u017cemy r\u00f3wnie\u017c wsp\u00f3\u0142prac\u0119 online z Klientami z innych region\u00f3w Polski.<\/p><p>Biuro czynne jest od poniedzia\u0142ku do pi\u0105tku w godzinach od 9:00 do 15:00.<\/p><p>W zale\u017cno\u015bci od potrzeb mo\u017cna um\u00f3wi\u0107 si\u0119 na spotkanie w dogodnym dla Pa\u0144stwa terminie, zar\u00f3wno w innych godzinach jak r\u00f3wnie\u017c w weekend.<\/p><p>W swojej pracy korzystamy z programu Comarch ERP Optima.<\/p><p>Pracujemy z u\u017cyciem publikacji Inforlex.<\/p><p>Serdecznie zapraszamy Pa\u0144stwa do wsp\u00f3\u0142pracy z Biuro Rachunkowe Barbara Podraza.<\/p><p>\u00a0<\/p>\t\t\t\t\t\t<\/div>\n\t\t\t\t<\/div>\n\t\t\t\t\t<\/div>\n\t\t<\/div>\n\t\t\t\t\t\t\t<\/div>\n\t\t<\/section>\n\t\t\t\t<section class=\"elementor-section elementor-top-section elementor-element elementor-element-84b1124 elementor-section-boxed elementor-section-height-default elementor-section-height-default\" data-id=\"84b1124\" data-element_type=\"section\">\n\t\t\t\t\t\t<div class=\"elementor-container elementor-column-gap-default\">\n\t\t\t\t\t<div class=\"elementor-column elementor-col-25 elementor-top-column elementor-element elementor-element-1b6ec1a\" data-id=\"1b6ec1a\" data-element_type=\"column\">\n\t\t\t<div class=\"elementor-widget-wrap elementor-element-populated\">\n\t\t\t\t\t\t\t\t<div class=\"elementor-element elementor-element-f9c171c elementor-widget elementor-widget-text-editor\" data-id=\"f9c171c\" data-element_type=\"widget\" data-widget_type=\"text-editor.default\">\n\t\t\t\t<div class=\"elementor-widget-container\">\n\t\t\t\t\t\t\t<b>PASJA<\/b><\/br>\n\nto ona sprawia, \u017ce zaw\u00f3d ksi\u0119gowego wykonujemy z pe\u0142nym oddaniem i zaanga\u017cowaniem a s\u0142owo problem zamieniamy na wyzwanie.\t\t\t\t\t\t<\/div>\n\t\t\t\t<\/div>\n\t\t\t\t\t<\/div>\n\t\t<\/div>\n\t\t\t\t<div class=\"elementor-column elementor-col-25 elementor-top-column elementor-element elementor-element-b68b9b6\" data-id=\"b68b9b6\" data-element_type=\"column\">\n\t\t\t<div class=\"elementor-widget-wrap elementor-element-populated\">\n\t\t\t\t\t\t\t\t<div class=\"elementor-element elementor-element-6204536 elementor-widget elementor-widget-text-editor\" data-id=\"6204536\" data-element_type=\"widget\" data-widget_type=\"text-editor.default\">\n\t\t\t\t<div class=\"elementor-widget-container\">\n\t\t\t\t\t\t\t<b>PROFESJONALIZM<\/b><\/br>\n\nto ci\u0105g\u0142e doskonalenie wiedzy, kt\u00f3r\u0105 na bie\u017c\u0105co uzupe\u0142niamy, by sprosta\u0107 oczekiwaniom i potrzebom naszych Klient\u00f3w.\t\t\t\t\t\t<\/div>\n\t\t\t\t<\/div>\n\t\t\t\t\t<\/div>\n\t\t<\/div>\n\t\t\t\t<div class=\"elementor-column elementor-col-25 elementor-top-column elementor-element elementor-element-8dc7365\" data-id=\"8dc7365\" data-element_type=\"column\">\n\t\t\t<div class=\"elementor-widget-wrap elementor-element-populated\">\n\t\t\t\t\t\t\t\t<div class=\"elementor-element elementor-element-33c8ffb elementor-widget elementor-widget-text-editor\" data-id=\"33c8ffb\" data-element_type=\"widget\" data-widget_type=\"text-editor.default\">\n\t\t\t\t<div class=\"elementor-widget-container\">\n\t\t\t\t\t\t\t<b>WSPARCIE<\/b><\/br>\n\nto rzetelna pomoc specjalisty w bardzo skomplikowanym \u015bwiecie rozlicze\u0144 podatkowych, ksi\u0119gowych i kadrowo-p\u0142acowych, kt\u00f3r\u0105 gwarantujemy \u015bwiadcz\u0105c nasze us\u0142ugi.\t\t\t\t\t\t<\/div>\n\t\t\t\t<\/div>\n\t\t\t\t\t<\/div>\n\t\t<\/div>\n\t\t\t\t<div class=\"elementor-column elementor-col-25 elementor-top-column elementor-element elementor-element-6f334e0\" data-id=\"6f334e0\" data-element_type=\"column\">\n\t\t\t<div class=\"elementor-widget-wrap elementor-element-populated\">\n\t\t\t\t\t\t\t\t<div class=\"elementor-element elementor-element-7ac905b elementor-widget__width-auto elementor-widget elementor-widget-text-editor\" data-id=\"7ac905b\" data-element_type=\"widget\" data-widget_type=\"text-editor.default\">\n\t\t\t\t<div class=\"elementor-widget-container\">\n\t\t\t\t\t\t\t<b>JAKO\u015a\u0106<\/b><\/br>\n\nto indywidualne podej\u015bcie do ka\u017cdego Klienta, zrozumienie jego potrzeb i wyj\u015bcie im naprzeciw, to r\u00f3wnie\u017c rzetelno\u015b\u0107 i terminowo\u015b\u0107 oraz troska o dokumenty, a wszystko po to, by zapewni\u0107 Pa\u0144stwu spok\u00f3j i poczucie bezpiecze\u0144stwa.\t\t\t\t\t\t<\/div>\n\t\t\t\t<\/div>\n\t\t\t\t\t<\/div>\n\t\t<\/div>\n\t\t\t\t\t\t\t<\/div>\n\t\t<\/section>\n\t\t\t\t\t\t\t<\/div>\n\t\t","protected":false},"excerpt":{"rendered":"<p>BIURO RACHUNKOWE BARBARA PODRAZA TARN\u00d3W Witamy Pa\u0144stwa serdecznie na stronie internetowej naszego Biura Rachunkowego. Specjalizujemy si\u0119 w \u015bwiadczeniu kompleksowych us\u0142ug ksi\u0119gowych i kadrowo-p\u0142acowych dla przedsi\u0119biorstw korzystaj\u0105cych z uproszczonych form ksi\u0119gowo\u015bci oraz dla os\u00f3b prywatnych. Nasze Biuro powsta\u0142o z pasji do zawodu ksi\u0119gowego, kt\u00f3ry w\u0142a\u015bcicielka Biura wykonuje z pe\u0142nym oddaniem i zaanga\u017cowaniem od 2008r. Wykszta\u0142cenie zdobyte&hellip;<\/p>\n","protected":false},"author":1,"featured_media":0,"parent":0,"menu_order":0,"comment_status":"closed","ping_status":"closed","template":"","meta":{"footnotes":""},"_links":{"self":[{"href":"https:\/\/rachunkowe-bp.pl\/index.php\/wp-json\/wp\/v2\/pages\/376"}],"collection":[{"href":"https:\/\/rachunkowe-bp.pl\/index.php\/wp-json\/wp\/v2\/pages"}],"about":[{"href":"https:\/\/rachunkowe-bp.pl\/index.php\/wp-json\/wp\/v2\/types\/page"}],"author":[{"embeddable":true,"href":"https:\/\/rachunkowe-bp.pl\/index.php\/wp-json\/wp\/v2\/users\/1"}],"replies":[{"embeddable":true,"href":"https:\/\/rachunkowe-bp.pl\/index.php\/wp-json\/wp\/v2\/comments?post=376"}],"version-history":[{"count":43,"href":"https:\/\/rachunkowe-bp.pl\/index.php\/wp-json\/wp\/v2\/pages\/376\/revisions"}],"predecessor-version":[{"id":513,"href":"https:\/\/rachunkowe-bp.pl\/index.php\/wp-json\/wp\/v2\/pages\/376\/revisions\/513"}],"wp:attachment":[{"href":"https:\/\/rachunkowe-bp.pl\/index.php\/wp-json\/wp\/v2\/media?parent=376"}],"curies":[{"name":"wp","href":"https:\/\/api.w.org\/{rel}","templated":true}]}}