{"id":402,"date":"2023-02-09T23:00:55","date_gmt":"2023-02-09T23:00:55","guid":{"rendered":"https:\/\/rachunkowe-bp.pl\/?page_id=402"},"modified":"2023-09-24T19:28:04","modified_gmt":"2023-09-24T19:28:04","slug":"cennik","status":"publish","type":"page","link":"https:\/\/rachunkowe-bp.pl\/index.php\/cennik\/","title":{"rendered":"Cennik"},"content":{"rendered":"\t\t<div data-elementor-type=\"wp-page\" data-elementor-id=\"402\" class=\"elementor elementor-402\">\n\t\t\t\t\t\t\t\t\t<section class=\"elementor-section elementor-top-section elementor-element elementor-element-56f044e elementor-section-boxed elementor-section-height-default elementor-section-height-default\" data-id=\"56f044e\" data-element_type=\"section\">\n\t\t\t\t\t\t<div class=\"elementor-container elementor-column-gap-default\">\n\t\t\t\t\t<div class=\"elementor-column elementor-col-100 elementor-top-column elementor-element elementor-element-a66b7c2\" data-id=\"a66b7c2\" data-element_type=\"column\">\n\t\t\t<div class=\"elementor-widget-wrap elementor-element-populated\">\n\t\t\t\t\t\t\t\t<div class=\"elementor-element elementor-element-e76ca29 elementor-widget elementor-widget-text-editor\" data-id=\"e76ca29\" data-element_type=\"widget\" data-widget_type=\"text-editor.default\">\n\t\t\t\t<div class=\"elementor-widget-container\">\n\t\t\t<style>\/*! elementor - v3.17.0 - 08-11-2023 *\/\n.elementor-widget-text-editor.elementor-drop-cap-view-stacked .elementor-drop-cap{background-color:#69727d;color:#fff}.elementor-widget-text-editor.elementor-drop-cap-view-framed .elementor-drop-cap{color:#69727d;border:3px solid;background-color:transparent}.elementor-widget-text-editor:not(.elementor-drop-cap-view-default) .elementor-drop-cap{margin-top:8px}.elementor-widget-text-editor:not(.elementor-drop-cap-view-default) .elementor-drop-cap-letter{width:1em;height:1em}.elementor-widget-text-editor .elementor-drop-cap{float:left;text-align:center;line-height:1;font-size:50px}.elementor-widget-text-editor .elementor-drop-cap-letter{display:inline-block}<\/style>\t\t\t\t<p>Ceny naszych us\u0142ug ksi\u0119gowych ustalamy indywidualnie dla ka\u017cdego Klienta na podstawie analizy opartej o nast\u0119puj\u0105ce czynniki:<\/p><p>&#8211; forma prawna i rodzaj prowadzonej dzia\u0142alno\u015bci gospodarczej,<br \/>&#8211; rodzaj prowadzonej ewidencji ksi\u0119gowej,<br \/>&#8211; opodatkowanie podatkiem VAT,<br \/>&#8211; wyst\u0119powanie transakcji: wewn\u0105trzwsp\u00f3lnotowych, import, eksport,<br \/>&#8211; liczba wszystkich os\u00f3b zatrudnionych w firmie,<br \/>&#8211; \u015brednia miesi\u0119czna ilo\u015b\u0107 dokument\u00f3w ksi\u0119gowych.<\/p><p><b>W ramach rozpocz\u0119cia wsp\u00f3\u0142pracy oferujemy bezp\u0142atn\u0105 pomoc w rejestracji dzia\u0142alno\u015bci gospodarczej.<\/b><\/p><p>Wiemy jak cenny jest Pa\u0144stwa czas, dlatego w cenie naszej us\u0142ugi oferujemy darmowy odbi\u00f3r dokument\u00f3w z siedziby firmy na terenie miasta Tarnowa, a tak\u017ce z kilku okolicznych miejscowo\u015bci. Mo\u017cna te\u017c indywidualnie dopasowa\u0107 ofert\u0119 w tym zakresie do Pa\u0144stwa potrzeb.<\/p><p><b>Warto zapami\u0119ta\u0107:<\/b><\/p><p>je\u015bli zaproponowana przez nas cena nie spe\u0142nia Pa\u0144stwa oczekiwa\u0144 \u2013 mo\u017cna pr\u00f3bowa\u0107 przyst\u0105pi\u0107 do jej negocjacji. Jeste\u015bmy otwarci na Pa\u0144stwa sugestie.<\/p><p><b>W celu wst\u0119pnego oszacowania kosztu naszej us\u0142ugi prosimy o kontakt poprzez:<\/b><\/p><ul><li>kontakt telefoniczny lub<\/li><li>poprzez e-mail lub<\/li><li>wpadni\u0119cie do nas do Biura na kaw\u0119.<\/li><\/ul>\t\t\t\t\t\t<\/div>\n\t\t\t\t<\/div>\n\t\t\t\t\t<\/div>\n\t\t<\/div>\n\t\t\t\t\t\t\t<\/div>\n\t\t<\/section>\n\t\t\t\t<section class=\"elementor-section elementor-top-section elementor-element elementor-element-5f547ab elementor-section-boxed elementor-section-height-default elementor-section-height-default\" data-id=\"5f547ab\" data-element_type=\"section\">\n\t\t\t\t\t\t<div class=\"elementor-container elementor-column-gap-default\">\n\t\t\t\t\t<div class=\"elementor-column elementor-col-100 elementor-top-column elementor-element elementor-element-3579502\" data-id=\"3579502\" data-element_type=\"column\">\n\t\t\t<div class=\"elementor-widget-wrap elementor-element-populated\">\n\t\t\t\t\t\t\t\t<div class=\"elementor-element elementor-element-9cb3a40 elementor-widget elementor-widget-heading\" data-id=\"9cb3a40\" data-element_type=\"widget\" data-widget_type=\"heading.default\">\n\t\t\t\t<div class=\"elementor-widget-container\">\n\t\t\t<style>\/*! elementor - v3.17.0 - 08-11-2023 *\/\n.elementor-heading-title{padding:0;margin:0;line-height:1}.elementor-widget-heading .elementor-heading-title[class*=elementor-size-]>a{color:inherit;font-size:inherit;line-height:inherit}.elementor-widget-heading .elementor-heading-title.elementor-size-small{font-size:15px}.elementor-widget-heading .elementor-heading-title.elementor-size-medium{font-size:19px}.elementor-widget-heading .elementor-heading-title.elementor-size-large{font-size:29px}.elementor-widget-heading .elementor-heading-title.elementor-size-xl{font-size:39px}.elementor-widget-heading .elementor-heading-title.elementor-size-xxl{font-size:59px}<\/style><h2 class=\"elementor-heading-title elementor-size-default\">Ale UWAGA!<\/h2>\t\t<\/div>\n\t\t\t\t<\/div>\n\t\t\t\t\t<\/div>\n\t\t<\/div>\n\t\t\t\t\t\t\t<\/div>\n\t\t<\/section>\n\t\t\t\t<section class=\"elementor-section elementor-top-section elementor-element elementor-element-655e097 elementor-section-boxed elementor-section-height-default elementor-section-height-default\" data-id=\"655e097\" data-element_type=\"section\">\n\t\t\t\t\t\t<div class=\"elementor-container elementor-column-gap-default\">\n\t\t\t\t\t<div class=\"elementor-column elementor-col-100 elementor-top-column elementor-element elementor-element-984dbe4\" data-id=\"984dbe4\" data-element_type=\"column\">\n\t\t\t<div class=\"elementor-widget-wrap elementor-element-populated\">\n\t\t\t\t\t\t\t\t<div class=\"elementor-element elementor-element-f869359 elementor-widget elementor-widget-text-editor\" data-id=\"f869359\" data-element_type=\"widget\" data-widget_type=\"text-editor.default\">\n\t\t\t\t<div class=\"elementor-widget-container\">\n\t\t\t\t\t\t\t<p><strong>W naszym Biurze czekaj\u0105 na Pa\u0144stwa atrakcyjne rabaty.<\/strong><\/p><h4><span style=\"color: #ff00ff;\"><b>RABAT START<\/b><\/span><\/h4><p><span style=\"color: #686868;\"><span style=\"font-family: Montserrat, serif;\"><span style=\"font-size: large;\">dla Klient\u00f3w rozpoczynaj\u0105cych prowadzenie dzia\u0142alno\u015bci gospodarczej &#8211; rabat w wysoko\u015bci 20% od ustalonej ceny brutto przez okres 2 miesi\u0119cy.<\/span><\/span><\/span><\/p><p><span style=\"color: #ff00ff;\"><b>RABAT ZMIANA<\/b><\/span><\/p><p><span style=\"color: #686868;\"><span style=\"font-family: Montserrat, serif;\"><span style=\"font-size: large;\">dla Klient\u00f3w, kt\u00f3rzy zmieni\u0105 dotychczasowe biuro rachunkowe na nasze Biuro &#8211; jednorazowy rabat w wysoko\u015bci 20% od ustalonej ceny brutto.<\/span><\/span><\/span><\/p><p><span style=\"color: #ff00ff;\"><b>RABAT NAGRODA<\/b><\/span><\/p><p align=\"LEFT\"><span style=\"color: #686868;\"><span style=\"font-family: Montserrat, serif;\"><span style=\"font-size: large;\">dla Klient\u00f3w, kt\u00f3rzy polec\u0105 us\u0142ugi naszego Biura &#8211; jednorazowy rabat w wysoko\u015bci 50 z\u0142 od ustalonej ceny brutto, obowi\u0105zuj\u0105cy po podpisaniu umowy z polecenia.<\/span><\/span><\/span><\/p>\t\t\t\t\t\t<\/div>\n\t\t\t\t<\/div>\n\t\t\t\t\t<\/div>\n\t\t<\/div>\n\t\t\t\t\t\t\t<\/div>\n\t\t<\/section>\n\t\t\t\t\t\t\t<\/div>\n\t\t","protected":false},"excerpt":{"rendered":"<p>Ceny naszych us\u0142ug ksi\u0119gowych ustalamy indywidualnie dla ka\u017cdego Klienta na podstawie analizy opartej o nast\u0119puj\u0105ce czynniki: &#8211; forma prawna i rodzaj prowadzonej dzia\u0142alno\u015bci gospodarczej,&#8211; rodzaj prowadzonej ewidencji ksi\u0119gowej,&#8211; opodatkowanie podatkiem VAT,&#8211; wyst\u0119powanie transakcji: wewn\u0105trzwsp\u00f3lnotowych, import, eksport,&#8211; liczba wszystkich os\u00f3b zatrudnionych w firmie,&#8211; \u015brednia miesi\u0119czna ilo\u015b\u0107 dokument\u00f3w ksi\u0119gowych. W ramach rozpocz\u0119cia wsp\u00f3\u0142pracy oferujemy bezp\u0142atn\u0105 pomoc w&hellip;<\/p>\n","protected":false},"author":1,"featured_media":0,"parent":0,"menu_order":0,"comment_status":"closed","ping_status":"closed","template":"","meta":{"footnotes":""},"_links":{"self":[{"href":"https:\/\/rachunkowe-bp.pl\/index.php\/wp-json\/wp\/v2\/pages\/402"}],"collection":[{"href":"https:\/\/rachunkowe-bp.pl\/index.php\/wp-json\/wp\/v2\/pages"}],"about":[{"href":"https:\/\/rachunkowe-bp.pl\/index.php\/wp-json\/wp\/v2\/types\/page"}],"author":[{"embeddable":true,"href":"https:\/\/rachunkowe-bp.pl\/index.php\/wp-json\/wp\/v2\/users\/1"}],"replies":[{"embeddable":true,"href":"https:\/\/rachunkowe-bp.pl\/index.php\/wp-json\/wp\/v2\/comments?post=402"}],"version-history":[{"count":45,"href":"https:\/\/rachunkowe-bp.pl\/index.php\/wp-json\/wp\/v2\/pages\/402\/revisions"}],"predecessor-version":[{"id":545,"href":"https:\/\/rachunkowe-bp.pl\/index.php\/wp-json\/wp\/v2\/pages\/402\/revisions\/545"}],"wp:attachment":[{"href":"https:\/\/rachunkowe-bp.pl\/index.php\/wp-json\/wp\/v2\/media?parent=402"}],"curies":[{"name":"wp","href":"https:\/\/api.w.org\/{rel}","templated":true}]}}