{"id":438,"date":"2023-02-10T06:25:12","date_gmt":"2023-02-10T06:25:12","guid":{"rendered":"https:\/\/rachunkowe-bp.pl\/?page_id=438"},"modified":"2023-09-24T19:49:07","modified_gmt":"2023-09-24T19:49:07","slug":"wycena","status":"publish","type":"page","link":"https:\/\/rachunkowe-bp.pl\/index.php\/wycena\/","title":{"rendered":"Wycena"},"content":{"rendered":"\t\t<div data-elementor-type=\"wp-page\" data-elementor-id=\"438\" class=\"elementor elementor-438\">\n\t\t\t\t\t\t\t\t\t<section class=\"elementor-section elementor-top-section elementor-element elementor-element-e62a47d elementor-section-boxed elementor-section-height-default elementor-section-height-default\" data-id=\"e62a47d\" data-element_type=\"section\">\n\t\t\t\t\t\t<div class=\"elementor-container elementor-column-gap-default\">\n\t\t\t\t\t<div class=\"elementor-column elementor-col-100 elementor-top-column elementor-element elementor-element-234ff72\" data-id=\"234ff72\" data-element_type=\"column\">\n\t\t\t<div class=\"elementor-widget-wrap elementor-element-populated\">\n\t\t\t\t\t\t\t\t<div class=\"elementor-element elementor-element-0e71486 elementor-widget elementor-widget-text-editor\" data-id=\"0e71486\" data-element_type=\"widget\" data-widget_type=\"text-editor.default\">\n\t\t\t\t<div class=\"elementor-widget-container\">\n\t\t\t<style>\/*! elementor - v3.17.0 - 08-11-2023 *\/\n.elementor-widget-text-editor.elementor-drop-cap-view-stacked .elementor-drop-cap{background-color:#69727d;color:#fff}.elementor-widget-text-editor.elementor-drop-cap-view-framed .elementor-drop-cap{color:#69727d;border:3px solid;background-color:transparent}.elementor-widget-text-editor:not(.elementor-drop-cap-view-default) .elementor-drop-cap{margin-top:8px}.elementor-widget-text-editor:not(.elementor-drop-cap-view-default) .elementor-drop-cap-letter{width:1em;height:1em}.elementor-widget-text-editor .elementor-drop-cap{float:left;text-align:center;line-height:1;font-size:50px}.elementor-widget-text-editor .elementor-drop-cap-letter{display:inline-block}<\/style>\t\t\t\t<div>Zach\u0119camy do skorzystania z mo\u017cliwo\u015bci wst\u0119pnego oszacowania wyceny \u015bwiadczonych przez nas us\u0142ug. Prze\u015blemy Pa\u0144stwu ofert\u0119 na podany adres e-mail lub skontaktujemy si\u0119 z Pa\u0144stwem telefonicznie. Jeste\u015bmy do Pa\u0144stwa dyspozycji.<\/div><div>\u00a0<\/div><p><b>Do wyceny potrzebne s\u0105 nam nast\u0119puj\u0105ce informacje:<\/b><\/p><p>1). W celu kontaktu: e-mail lub telefon.<\/p><p>2). Kr\u00f3tki opis czym zajmuje si\u0119 firma.<\/p><p>3). Forma prawna:<\/p><p>\u2013 Indywidualna dzia\u0142alno\u015b\u0107 gospodarcza osoby fizycznej<br \/>\u2013 Sp\u00f3\u0142ka Cywilna<br \/>\u2013 Sp\u00f3\u0142ka Jawna<br \/>\u2013 Inna<\/p><p>\u00a0<\/p><p>4). Rodzaj prowadzonej ksi\u0119gowo\u015bci:<\/p><p>\u2013 Podatkowa Ksi\u0119ga Przychod\u00f3w i Rozchod\u00f3w (skala podatkowa lub podatek liniowy)<br \/>\u2013 Rycza\u0142t ewidencjonowany<br \/>\u2013 Inna<\/p><p>\u00a0<\/p><p>5). Czy firma jest podatnikiem podatku VAT:<\/p><p>Tak \/ Nie<\/p><p>\u00a0<\/p><p>6). Czy w firmie wyst\u0119puj\u0105 transakcje zagraniczne: wewn\u0105trzwsp\u00f3lnotowe, import lub eksport:<\/p><p>Tak \/ Nie<\/p><p>\u00a0<\/p><p>7). Liczba wszystkich os\u00f3b zatrudnionych w firmie (umowa o prac\u0119, umowa zlecenie, umowa o dzie\u0142o).<\/p><p>8). \u015arednia miesi\u0119czna liczba dokument\u00f3w ksi\u0119gowych zar\u00f3wno sprzeda\u017cowych jak i zakupowych.<\/p><p>\u00a0<\/p><p>9). Czy w firmie jest prowadzona ewidencja sprzeda\u017cy za pomoc\u0105 kasy fiskalnej.<\/p><p>Tak \/ Nie<\/p><p>\u00a0<\/p><p><strong>Powy\u017csze informacje prosz\u0119 przes\u0142a\u0107 do nas na e-mail:<\/strong><\/p><p><span style=\"color: #ff00ff;\">barbara@rachunkowe-bp.pl<\/span>. Odpowiemy najszybciej jak to b\u0119dzie mo\u017cliwe.<\/p><h6><span style=\"font-weight: normal;\">Administratorem danych podawanych w celu wys\u0142ania zapytania b\u0119dzie Barbara Podraza, prowadz\u0105ca dzia\u0142alno\u015b\u0107 gospodarcz\u0105 pod nazw\u0105 BIURO RACHUNKOWE Barbara Podraza, ul. Starod\u0105browska 39, 33-100 Tarn\u00f3w, NIP: 8722203403. Zasady przetwarzania danych osobowych zosta\u0142y udost\u0119pnione w Polityce Prywatno\u015bci RODO dost\u0119pnej na stronie.\u201d<\/span><\/h6>\t\t\t\t\t\t<\/div>\n\t\t\t\t<\/div>\n\t\t\t\t\t<\/div>\n\t\t<\/div>\n\t\t\t\t\t\t\t<\/div>\n\t\t<\/section>\n\t\t\t\t\t\t\t<\/div>\n\t\t","protected":false},"excerpt":{"rendered":"<p>Zach\u0119camy do skorzystania z mo\u017cliwo\u015bci wst\u0119pnego oszacowania wyceny \u015bwiadczonych przez nas us\u0142ug. Prze\u015blemy Pa\u0144stwu ofert\u0119 na podany adres e-mail lub skontaktujemy si\u0119 z Pa\u0144stwem telefonicznie. Jeste\u015bmy do Pa\u0144stwa dyspozycji.\u00a0 Do wyceny potrzebne s\u0105 nam nast\u0119puj\u0105ce informacje: 1). W celu kontaktu: e-mail lub telefon. 2). Kr\u00f3tki opis czym zajmuje si\u0119 firma. 3). Forma prawna: \u2013 Indywidualna&hellip;<\/p>\n","protected":false},"author":1,"featured_media":0,"parent":0,"menu_order":0,"comment_status":"closed","ping_status":"closed","template":"","meta":{"footnotes":""},"_links":{"self":[{"href":"https:\/\/rachunkowe-bp.pl\/index.php\/wp-json\/wp\/v2\/pages\/438"}],"collection":[{"href":"https:\/\/rachunkowe-bp.pl\/index.php\/wp-json\/wp\/v2\/pages"}],"about":[{"href":"https:\/\/rachunkowe-bp.pl\/index.php\/wp-json\/wp\/v2\/types\/page"}],"author":[{"embeddable":true,"href":"https:\/\/rachunkowe-bp.pl\/index.php\/wp-json\/wp\/v2\/users\/1"}],"replies":[{"embeddable":true,"href":"https:\/\/rachunkowe-bp.pl\/index.php\/wp-json\/wp\/v2\/comments?post=438"}],"version-history":[{"count":26,"href":"https:\/\/rachunkowe-bp.pl\/index.php\/wp-json\/wp\/v2\/pages\/438\/revisions"}],"predecessor-version":[{"id":562,"href":"https:\/\/rachunkowe-bp.pl\/index.php\/wp-json\/wp\/v2\/pages\/438\/revisions\/562"}],"wp:attachment":[{"href":"https:\/\/rachunkowe-bp.pl\/index.php\/wp-json\/wp\/v2\/media?parent=438"}],"curies":[{"name":"wp","href":"https:\/\/api.w.org\/{rel}","templated":true}]}}